{"id":1457,"date":"2025-02-18T11:13:32","date_gmt":"2025-02-18T10:13:32","guid":{"rendered":"https:\/\/p686699.mittwaldserver.info\/?page_id=1457"},"modified":"2025-04-15T13:41:53","modified_gmt":"2025-04-15T11:41:53","slug":"legal-notice","status":"publish","type":"page","link":"https:\/\/gimd.de\/en\/legal-notice\/","title":{"rendered":"Legal Notice"},"content":{"rendered":"\t\t<div data-elementor-type=\"wp-page\" data-elementor-id=\"1457\" class=\"elementor elementor-1457 elementor-95\" data-elementor-post-type=\"page\">\n\t\t\t\t\t\t<section class=\"elementor-section elementor-top-section elementor-element elementor-element-b352bb8 elementor-section-boxed elementor-section-height-default elementor-section-height-default\" data-id=\"b352bb8\" data-element_type=\"section\" data-e-type=\"section\">\n\t\t\t\t\t\t<div class=\"elementor-container elementor-column-gap-default\">\n\t\t\t\t\t<div class=\"elementor-column elementor-col-100 elementor-top-column elementor-element elementor-element-c5466ea\" data-id=\"c5466ea\" data-element_type=\"column\" data-e-type=\"column\">\n\t\t\t<div class=\"elementor-widget-wrap elementor-element-populated\">\n\t\t\t\t\t\t<div class=\"elementor-element elementor-element-81c1c0b elementor-widget elementor-widget-heading\" data-id=\"81c1c0b\" data-element_type=\"widget\" data-e-type=\"widget\" data-widget_type=\"heading.default\">\n\t\t\t\t<div class=\"elementor-widget-container\">\n\t\t\t\t\t<h2 class=\"elementor-heading-title elementor-size-default\">Legal Notice<\/h2>\t\t\t\t<\/div>\n\t\t\t\t<\/div>\n\t\t\t\t\t<\/div>\n\t\t<\/div>\n\t\t\t\t\t<\/div>\n\t\t<\/section>\n\t\t\t\t<section class=\"elementor-section elementor-top-section elementor-element elementor-element-21e389b elementor-section-boxed elementor-section-height-default elementor-section-height-default\" data-id=\"21e389b\" data-element_type=\"section\" data-e-type=\"section\">\n\t\t\t\t\t\t<div class=\"elementor-container elementor-column-gap-default\">\n\t\t\t\t\t<div class=\"elementor-column elementor-col-66 elementor-top-column elementor-element elementor-element-0d30db0\" data-id=\"0d30db0\" data-element_type=\"column\" data-e-type=\"column\">\n\t\t\t<div class=\"elementor-widget-wrap elementor-element-populated\">\n\t\t\t\t\t\t<div class=\"elementor-element elementor-element-015a04b elementor-widget elementor-widget-text-editor\" data-id=\"015a04b\" data-element_type=\"widget\" data-e-type=\"widget\" data-widget_type=\"text-editor.default\">\n\t\t\t\t<div class=\"elementor-widget-container\">\n\t\t\t\t\t\t\t\t\t<p>Gesellschaft f\u00fcr Informations-Management und Dokumentation mbH<br \/>Leutfresserweg 14<br \/>97082 W\u00fcrzburg<\/p><p>Commercial Register: HRB 7007<br \/>Registration court: Amtsgericht W\u00fcrzburg<\/p><p><strong>Represented by:<\/strong><br \/>Dr. Andreas Holst<\/p><h2>Contact<\/h2><p>Phone: +49 (0) 931 \/ 45215 &#8211; 0<br \/>E-mail: info@gimd.de<\/p><h2>VAT ID<\/h2><p>Sales tax identification number according to Sect. 27 a of the Sales Tax Law:<br \/>DE208267255<\/p><h2>Person responsible for editorial<\/h2><p>Dr. Andreas Holst<\/p><h2>Dispute resolution proceedings in front of a consumer arbitration board<\/h2><p>We are not willing or obliged to participate in dispute resolution proceedings in front of a consumer arbitration board.<\/p>\t\t\t\t\t\t\t\t<\/div>\n\t\t\t\t<\/div>\n\t\t\t\t\t<\/div>\n\t\t<\/div>\n\t\t\t\t<div class=\"elementor-column elementor-col-33 elementor-top-column elementor-element elementor-element-c3c156b\" data-id=\"c3c156b\" data-element_type=\"column\" data-e-type=\"column\">\n\t\t\t<div class=\"elementor-widget-wrap elementor-element-populated\">\n\t\t\t\t\t\t<div class=\"elementor-element elementor-element-8387d61 elementor-widget elementor-widget-text-editor\" data-id=\"8387d61\" data-element_type=\"widget\" data-e-type=\"widget\" data-widget_type=\"text-editor.default\">\n\t\t\t\t<div class=\"elementor-widget-container\">\n\t\t\t\t\t\t\t\t\t<h3>Layout &amp; Design:<\/h3>\n<p><a href=\"https:\/\/zweigestalten.de\/\" target=\"_blank\" rel=\"noopener\">Zweigestalten<\/a><\/p>\n<h3>Web Development:<\/h3>\n<p><a href=\"https:\/\/www.compuart.com\" target=\"_blank\" rel=\"noopener\">Compuart.com GmbH<\/a><\/p>\n<h3>Photos:<\/h3>\n<p><a href=\"https:\/\/katrinheyer.de\" target=\"_blank\" rel=\"noopener\">Katrin Heyer<\/a><\/p>\t\t\t\t\t\t\t\t<\/div>\n\t\t\t\t<\/div>\n\t\t\t\t\t<\/div>\n\t\t<\/div>\n\t\t\t\t\t<\/div>\n\t\t<\/section>\n\t\t\t\t<\/div>\n\t\t","protected":false},"excerpt":{"rendered":"<p>Legal Notice Gesellschaft f\u00fcr Informations-Management und Dokumentation mbHLeutfresserweg 1497082 W\u00fcrzburg Commercial Register: HRB 7007Registration court: Amtsgericht W\u00fcrzburg Represented by:Dr. Andreas [&hellip;]<\/p>\n","protected":false},"author":2,"featured_media":0,"parent":0,"menu_order":0,"comment_status":"closed","ping_status":"closed","template":"","meta":{"site-sidebar-layout":"no-sidebar","site-content-layout":"","ast-site-content-layout":"full-width-container","site-content-style":"default","site-sidebar-style":"default","ast-global-header-display":"","ast-banner-title-visibility":"","ast-main-header-display":"","ast-hfb-above-header-display":"","ast-hfb-below-header-display":"","ast-hfb-mobile-header-display":"","site-post-title":"disabled","ast-breadcrumbs-content":"","ast-featured-img":"disabled","footer-sml-layout":"","ast-disable-related-posts":"","theme-transparent-header-meta":"","adv-header-id-meta":"","stick-header-meta":"","header-above-stick-meta":"","header-main-stick-meta":"","header-below-stick-meta":"","astra-migrate-meta-layouts":"default","ast-page-background-enabled":"default","ast-page-background-meta":{"desktop":{"background-color":"var(--ast-global-color-5)","background-image":"","background-repeat":"repeat","background-position":"center center","background-size":"auto","background-attachment":"scroll","background-type":"","background-media":"","overlay-type":"","overlay-color":"","overlay-opacity":"","overlay-gradient":""},"tablet":{"background-color":"","background-image":"","background-repeat":"repeat","background-position":"center center","background-size":"auto","background-attachment":"scroll","background-type":"","background-media":"","overlay-type":"","overlay-color":"","overlay-opacity":"","overlay-gradient":""},"mobile":{"background-color":"","background-image":"","background-repeat":"repeat","background-position":"center center","background-size":"auto","background-attachment":"scroll","background-type":"","background-media":"","overlay-type":"","overlay-color":"","overlay-opacity":"","overlay-gradient":""}},"ast-content-background-meta":{"desktop":{"background-color":"var(--ast-global-color-4)","background-image":"","background-repeat":"repeat","background-position":"center center","background-size":"auto","background-attachment":"scroll","background-type":"","background-media":"","overlay-type":"","overlay-color":"","overlay-opacity":"","overlay-gradient":""},"tablet":{"background-color":"var(--ast-global-color-4)","background-image":"","background-repeat":"repeat","background-position":"center center","background-size":"auto","background-attachment":"scroll","background-type":"","background-media":"","overlay-type":"","overlay-color":"","overlay-opacity":"","overlay-gradient":""},"mobile":{"background-color":"var(--ast-global-color-4)","background-image":"","background-repeat":"repeat","background-position":"center center","background-size":"auto","background-attachment":"scroll","background-type":"","background-media":"","overlay-type":"","overlay-color":"","overlay-opacity":"","overlay-gradient":""}},"footnotes":""},"class_list":["post-1457","page","type-page","status-publish","hentry"],"yoast_head":"<!-- This site is optimized with the Yoast SEO plugin v27.2 - https:\/\/yoast.com\/product\/yoast-seo-wordpress\/ -->\n<title>Legal Notice &#8211; GIMD<\/title>\n<meta name=\"robots\" content=\"index, follow, max-snippet:-1, max-image-preview:large, max-video-preview:-1\" \/>\n<link rel=\"canonical\" href=\"https:\/\/gimd.de\/en\/legal-notice\/\" \/>\n<meta property=\"og:locale\" content=\"en_US\" \/>\n<meta property=\"og:type\" content=\"article\" \/>\n<meta property=\"og:title\" content=\"Legal Notice &#8211; GIMD\" \/>\n<meta property=\"og:description\" content=\"Legal Notice Gesellschaft f\u00fcr Informations-Management und Dokumentation mbHLeutfresserweg 1497082 W\u00fcrzburg Commercial Register: HRB 7007Registration court: Amtsgericht W\u00fcrzburg Represented by:Dr. Andreas [&hellip;]\" \/>\n<meta property=\"og:url\" content=\"https:\/\/gimd.de\/en\/legal-notice\/\" \/>\n<meta property=\"og:site_name\" content=\"GIMD\" \/>\n<meta property=\"article:modified_time\" content=\"2025-04-15T11:41:53+00:00\" \/>\n<meta name=\"twitter:card\" content=\"summary_large_image\" \/>\n<script type=\"application\/ld+json\" class=\"yoast-schema-graph\">{\"@context\":\"https:\/\/schema.org\",\"@graph\":[{\"@type\":\"WebPage\",\"@id\":\"https:\/\/gimd.de\/en\/legal-notice\/\",\"url\":\"https:\/\/gimd.de\/en\/legal-notice\/\",\"name\":\"Legal Notice &#8211; GIMD\",\"isPartOf\":{\"@id\":\"https:\/\/gimd.de\/en\/#website\"},\"datePublished\":\"2025-02-18T10:13:32+00:00\",\"dateModified\":\"2025-04-15T11:41:53+00:00\",\"breadcrumb\":{\"@id\":\"https:\/\/gimd.de\/en\/legal-notice\/#breadcrumb\"},\"inLanguage\":\"en-US\",\"potentialAction\":[{\"@type\":\"ReadAction\",\"target\":[\"https:\/\/gimd.de\/en\/legal-notice\/\"]}]},{\"@type\":\"BreadcrumbList\",\"@id\":\"https:\/\/gimd.de\/en\/legal-notice\/#breadcrumb\",\"itemListElement\":[{\"@type\":\"ListItem\",\"position\":1,\"name\":\"Startseite\",\"item\":\"https:\/\/gimd.de\/en\/\"},{\"@type\":\"ListItem\",\"position\":2,\"name\":\"Legal Notice\"}]},{\"@type\":\"WebSite\",\"@id\":\"https:\/\/gimd.de\/en\/#website\",\"url\":\"https:\/\/gimd.de\/en\/\",\"name\":\"GIMD\",\"description\":\"Limited Corporation for Information Management and Documentation\",\"publisher\":{\"@id\":\"https:\/\/gimd.de\/en\/#organization\"},\"potentialAction\":[{\"@type\":\"SearchAction\",\"target\":{\"@type\":\"EntryPoint\",\"urlTemplate\":\"https:\/\/gimd.de\/en\/?s={search_term_string}\"},\"query-input\":{\"@type\":\"PropertyValueSpecification\",\"valueRequired\":true,\"valueName\":\"search_term_string\"}}],\"inLanguage\":\"en-US\"},{\"@type\":\"Organization\",\"@id\":\"https:\/\/gimd.de\/en\/#organization\",\"name\":\"Gesellschaft f\u00fcr Informations-Management und Dokumentation mbH\",\"url\":\"https:\/\/gimd.de\/en\/\",\"logo\":{\"@type\":\"ImageObject\",\"inLanguage\":\"en-US\",\"@id\":\"https:\/\/gimd.de\/en\/#\/schema\/logo\/image\/\",\"url\":\"https:\/\/gimd.de\/wp-content\/uploads\/2025\/03\/cropped-GIMD-Logo-002.png\",\"contentUrl\":\"https:\/\/gimd.de\/wp-content\/uploads\/2025\/03\/cropped-GIMD-Logo-002.png\",\"width\":800,\"height\":140,\"caption\":\"Gesellschaft f\u00fcr Informations-Management und Dokumentation mbH\"},\"image\":{\"@id\":\"https:\/\/gimd.de\/en\/#\/schema\/logo\/image\/\"}}]}<\/script>\n<!-- \/ Yoast SEO plugin. -->","yoast_head_json":{"title":"Legal Notice &#8211; GIMD","robots":{"index":"index","follow":"follow","max-snippet":"max-snippet:-1","max-image-preview":"max-image-preview:large","max-video-preview":"max-video-preview:-1"},"canonical":"https:\/\/gimd.de\/en\/legal-notice\/","og_locale":"en_US","og_type":"article","og_title":"Legal Notice &#8211; GIMD","og_description":"Legal Notice Gesellschaft f\u00fcr Informations-Management und Dokumentation mbHLeutfresserweg 1497082 W\u00fcrzburg Commercial Register: HRB 7007Registration court: Amtsgericht W\u00fcrzburg Represented by:Dr. Andreas [&hellip;]","og_url":"https:\/\/gimd.de\/en\/legal-notice\/","og_site_name":"GIMD","article_modified_time":"2025-04-15T11:41:53+00:00","twitter_card":"summary_large_image","schema":{"@context":"https:\/\/schema.org","@graph":[{"@type":"WebPage","@id":"https:\/\/gimd.de\/en\/legal-notice\/","url":"https:\/\/gimd.de\/en\/legal-notice\/","name":"Legal Notice &#8211; GIMD","isPartOf":{"@id":"https:\/\/gimd.de\/en\/#website"},"datePublished":"2025-02-18T10:13:32+00:00","dateModified":"2025-04-15T11:41:53+00:00","breadcrumb":{"@id":"https:\/\/gimd.de\/en\/legal-notice\/#breadcrumb"},"inLanguage":"en-US","potentialAction":[{"@type":"ReadAction","target":["https:\/\/gimd.de\/en\/legal-notice\/"]}]},{"@type":"BreadcrumbList","@id":"https:\/\/gimd.de\/en\/legal-notice\/#breadcrumb","itemListElement":[{"@type":"ListItem","position":1,"name":"Startseite","item":"https:\/\/gimd.de\/en\/"},{"@type":"ListItem","position":2,"name":"Legal Notice"}]},{"@type":"WebSite","@id":"https:\/\/gimd.de\/en\/#website","url":"https:\/\/gimd.de\/en\/","name":"GIMD","description":"Limited Corporation for Information Management and Documentation","publisher":{"@id":"https:\/\/gimd.de\/en\/#organization"},"potentialAction":[{"@type":"SearchAction","target":{"@type":"EntryPoint","urlTemplate":"https:\/\/gimd.de\/en\/?s={search_term_string}"},"query-input":{"@type":"PropertyValueSpecification","valueRequired":true,"valueName":"search_term_string"}}],"inLanguage":"en-US"},{"@type":"Organization","@id":"https:\/\/gimd.de\/en\/#organization","name":"Gesellschaft f\u00fcr Informations-Management und Dokumentation mbH","url":"https:\/\/gimd.de\/en\/","logo":{"@type":"ImageObject","inLanguage":"en-US","@id":"https:\/\/gimd.de\/en\/#\/schema\/logo\/image\/","url":"https:\/\/gimd.de\/wp-content\/uploads\/2025\/03\/cropped-GIMD-Logo-002.png","contentUrl":"https:\/\/gimd.de\/wp-content\/uploads\/2025\/03\/cropped-GIMD-Logo-002.png","width":800,"height":140,"caption":"Gesellschaft f\u00fcr Informations-Management und Dokumentation mbH"},"image":{"@id":"https:\/\/gimd.de\/en\/#\/schema\/logo\/image\/"}}]}},"_links":{"self":[{"href":"https:\/\/gimd.de\/en\/wp-json\/wp\/v2\/pages\/1457","targetHints":{"allow":["GET"]}}],"collection":[{"href":"https:\/\/gimd.de\/en\/wp-json\/wp\/v2\/pages"}],"about":[{"href":"https:\/\/gimd.de\/en\/wp-json\/wp\/v2\/types\/page"}],"author":[{"embeddable":true,"href":"https:\/\/gimd.de\/en\/wp-json\/wp\/v2\/users\/2"}],"replies":[{"embeddable":true,"href":"https:\/\/gimd.de\/en\/wp-json\/wp\/v2\/comments?post=1457"}],"version-history":[{"count":16,"href":"https:\/\/gimd.de\/en\/wp-json\/wp\/v2\/pages\/1457\/revisions"}],"predecessor-version":[{"id":2711,"href":"https:\/\/gimd.de\/en\/wp-json\/wp\/v2\/pages\/1457\/revisions\/2711"}],"wp:attachment":[{"href":"https:\/\/gimd.de\/en\/wp-json\/wp\/v2\/media?parent=1457"}],"curies":[{"name":"wp","href":"https:\/\/api.w.org\/{rel}","templated":true}]}}